{"id":151,"date":"2023-06-28T12:43:58","date_gmt":"2023-06-28T12:43:58","guid":{"rendered":"https:\/\/aa4.ch\/?page_id=151"},"modified":"2023-06-28T13:19:53","modified_gmt":"2023-06-28T13:19:53","slug":"andre-clerc-2","status":"publish","type":"page","link":"https:\/\/aa4.ch\/en\/andre-clerc-2\/","title":{"rendered":"Andr\u00e9 Clerc"},"content":{"rendered":"<div data-elementor-type=\"wp-page\" data-elementor-id=\"151\" class=\"elementor elementor-151\" data-elementor-post-type=\"page\">\n\t\t\t\t<div class=\"elementor-element elementor-element-6075c5c e-flex e-con-boxed e-con e-parent\" data-id=\"6075c5c\" data-element_type=\"container\">\n\t\t\t\t\t<div class=\"e-con-inner\">\n\t\t\t\t<div class=\"elementor-element elementor-element-907ddda elementor-widget elementor-widget-spacer\" data-id=\"907ddda\" data-element_type=\"widget\" data-widget_type=\"spacer.default\">\n\t\t\t\t<div class=\"elementor-widget-container\">\n\t\t\t<style>\/*! elementor - v3.21.0 - 26-05-2024 *\/\n.elementor-column .elementor-spacer-inner{height:var(--spacer-size)}.e-con{--container-widget-width:100%}.e-con-inner>.elementor-widget-spacer,.e-con>.elementor-widget-spacer{width:var(--container-widget-width,var(--spacer-size));--align-self:var(--container-widget-align-self,initial);--flex-shrink:0}.e-con-inner>.elementor-widget-spacer>.elementor-widget-container,.e-con>.elementor-widget-spacer>.elementor-widget-container{height:100%;width:100%}.e-con-inner>.elementor-widget-spacer>.elementor-widget-container>.elementor-spacer,.e-con>.elementor-widget-spacer>.elementor-widget-container>.elementor-spacer{height:100%}.e-con-inner>.elementor-widget-spacer>.elementor-widget-container>.elementor-spacer>.elementor-spacer-inner,.e-con>.elementor-widget-spacer>.elementor-widget-container>.elementor-spacer>.elementor-spacer-inner{height:var(--container-widget-height,var(--spacer-size))}.e-con-inner>.elementor-widget-spacer.elementor-widget-empty,.e-con>.elementor-widget-spacer.elementor-widget-empty{position:relative;min-height:22px;min-width:22px}.e-con-inner>.elementor-widget-spacer.elementor-widget-empty .elementor-widget-empty-icon,.e-con>.elementor-widget-spacer.elementor-widget-empty .elementor-widget-empty-icon{position:absolute;top:0;bottom:0;left:0;right:0;margin:auto;padding:0;width:22px;height:22px}<\/style>\t\t<div class=\"elementor-spacer\">\n\t\t\t<div class=\"elementor-spacer-inner\"><\/div>\n\t\t<\/div>\n\t\t\t\t<\/div>\n\t\t\t\t<\/div>\n\t\t\t\t<div class=\"elementor-element elementor-element-5a5ecc2 elementor-widget elementor-widget-heading\" data-id=\"5a5ecc2\" data-element_type=\"widget\" data-widget_type=\"heading.default\">\n\t\t\t\t<div class=\"elementor-widget-container\">\n\t\t\t<style>\/*! elementor - v3.21.0 - 26-05-2024 *\/\n.elementor-heading-title{padding:0;margin:0;line-height:1}.elementor-widget-heading .elementor-heading-title[class*=elementor-size-]>a{color:inherit;font-size:inherit;line-height:inherit}.elementor-widget-heading .elementor-heading-title.elementor-size-small{font-size:15px}.elementor-widget-heading .elementor-heading-title.elementor-size-medium{font-size:19px}.elementor-widget-heading .elementor-heading-title.elementor-size-large{font-size:29px}.elementor-widget-heading .elementor-heading-title.elementor-size-xl{font-size:39px}.elementor-widget-heading .elementor-heading-title.elementor-size-xxl{font-size:59px}<\/style><h1 class=\"elementor-heading-title elementor-size-default\">Andr\u00e9 Clerc<\/h1>\t\t<\/div>\n\t\t\t\t<\/div>\n\t\t\t\t<div class=\"elementor-element elementor-element-89b52b0 elementor-widget elementor-widget-button\" data-id=\"89b52b0\" data-element_type=\"widget\" data-widget_type=\"button.default\">\n\t\t\t\t<div class=\"elementor-widget-container\">\n\t\t\t\t\t<div class=\"elementor-button-wrapper\">\n\t\t\t<a class=\"elementor-button elementor-button-link elementor-size-sm\" href=\"mailto:ac@aa4.ch\">\n\t\t\t\t\t\t<span class=\"elementor-button-content-wrapper\">\n\t\t\t\t\t\t<span class=\"elementor-button-icon elementor-align-icon-left\">\n\t\t\t\t<i aria-hidden=\"true\" class=\"far fa-envelope\"><\/i>\t\t\t<\/span>\n\t\t\t\t\t\t\t\t\t<span class=\"elementor-button-text\">Contact<\/span>\n\t\t\t\t\t<\/span>\n\t\t\t\t\t<\/a>\n\t\t<\/div>\n\t\t\t\t<\/div>\n\t\t\t\t<\/div>\n\t\t\t\t\t<\/div>\n\t\t\t\t<\/div>\n\t\t<div class=\"elementor-element elementor-element-693fa9d e-flex e-con-boxed e-con e-parent\" data-id=\"693fa9d\" data-element_type=\"container\">\n\t\t\t\t\t<div class=\"e-con-inner\">\n\t\t\t\t<div class=\"elementor-element elementor-element-dfb074b elementor-widget elementor-widget-image\" data-id=\"dfb074b\" data-element_type=\"widget\" data-widget_type=\"image.default\">\n\t\t\t\t<div class=\"elementor-widget-container\">\n\t\t\t<style>\/*! elementor - v3.21.0 - 26-05-2024 *\/\n.elementor-widget-image{text-align:center}.elementor-widget-image a{display:inline-block}.elementor-widget-image a img[src$=\".svg\"]{width:48px}.elementor-widget-image img{vertical-align:middle;display:inline-block}<\/style>\t\t\t\t\t\t\t\t\t\t<img fetchpriority=\"high\" decoding=\"async\" width=\"415\" height=\"623\" src=\"https:\/\/aa4.ch\/wp-content\/uploads\/2023\/06\/andre-clerc.jpg\" class=\"attachment-large size-large wp-image-23\" alt=\"\" srcset=\"https:\/\/aa4.ch\/wp-content\/uploads\/2023\/06\/andre-clerc.jpg 415w, https:\/\/aa4.ch\/wp-content\/uploads\/2023\/06\/andre-clerc-200x300.jpg 200w\" sizes=\"(max-width: 415px) 100vw, 415px\" \/>\t\t\t\t\t\t\t\t\t\t\t\t\t<\/div>\n\t\t\t\t<\/div>\n\t\t\t\t<div class=\"elementor-element elementor-element-7f7819e elementor-widget__width-initial elementor-widget elementor-widget-text-editor\" data-id=\"7f7819e\" data-element_type=\"widget\" data-widget_type=\"text-editor.default\">\n\t\t\t\t<div class=\"elementor-widget-container\">\n\t\t\t<style>\/*! elementor - v3.21.0 - 26-05-2024 *\/\n.elementor-widget-text-editor.elementor-drop-cap-view-stacked .elementor-drop-cap{background-color:#69727d;color:#fff}.elementor-widget-text-editor.elementor-drop-cap-view-framed .elementor-drop-cap{color:#69727d;border:3px solid;background-color:transparent}.elementor-widget-text-editor:not(.elementor-drop-cap-view-default) .elementor-drop-cap{margin-top:8px}.elementor-widget-text-editor:not(.elementor-drop-cap-view-default) .elementor-drop-cap-letter{width:1em;height:1em}.elementor-widget-text-editor .elementor-drop-cap{float:left;text-align:center;line-height:1;font-size:50px}.elementor-widget-text-editor .elementor-drop-cap-letter{display:inline-block}<\/style>\t\t\t\t<h5>Languages<\/h5>\n<ul>\n \t<li>German, French, English<\/li>\n<\/ul>\n&nbsp;\n<h5>Education<\/h5>\n<ul>\n \t<li>Admitted to the bar (1990)<\/li>\n<\/ul><br>\n<h5>Ancillary activities<\/h5>\n<ul>\n \t<li>Former President of the Fribourg Bar Association<\/li>\n \t<li>Member of the expert commission, criminal lawyer (German)<\/li>\n \t<li>Chairman of the expert\u2019s commission, lawyer specialised in criminal law (French)<\/li>\n \t<li>Member of the Appeals Commission, Specialist Lawyer FSA<\/li>\n \t<li>Member of the cantonal commission of lawyers<\/li>\n \t<li>Chairman of the cantonal commission for pastoral care of institutions<\/li>\n \t<li>Guest speaker at various events<\/li>\n \t<li>Trainee supervisor<\/li>\n \t<li>Member of the committee \u201cAssociation des int\u00e9r\u00eats du quartier du Bourg\u201d.<\/li>\n \t<li>Member of the \u201cTonverein Bad Bonn\u201d committee<\/li>\n<\/ul><br>\n<h5>Fields of activity<\/h5>\n<ul>\n \t<li>Criminal law<\/li>\n<\/ul>\n<br>\n<h5>Affiliations<\/h5>\n<ul>\n \t<li><a href=\"http:\/\/www.oaf.ch\/\" rel=\"nofollow noopener\" target=\"_blank\">Ordre des avocats fribourgeois OAF<\/a><\/li>\n \t<li><a href=\"http:\/\/www.sav-fsa.ch\/\" rel=\"nofollow noopener\" target=\"_blank\">F\u00e9d\u00e9ration Suisse des Avocats FSA<\/a><\/li>\n<\/ul>\t\t\t\t\t\t<\/div>\n\t\t\t\t<\/div>\n\t\t\t\t\t<\/div>\n\t\t\t\t<\/div>\n\t\t<div class=\"elementor-element elementor-element-dff4b09 e-flex e-con-boxed e-con e-parent\" data-id=\"dff4b09\" data-element_type=\"container\">\n\t\t\t\t\t<div class=\"e-con-inner\">\n\t\t\t\t<div class=\"elementor-element elementor-element-f7f1bb6 elementor-widget elementor-widget-spacer\" data-id=\"f7f1bb6\" data-element_type=\"widget\" data-widget_type=\"spacer.default\">\n\t\t\t\t<div class=\"elementor-widget-container\">\n\t\t\t\t\t<div class=\"elementor-spacer\">\n\t\t\t<div class=\"elementor-spacer-inner\"><\/div>\n\t\t<\/div>\n\t\t\t\t<\/div>\n\t\t\t\t<\/div>\n\t\t\t\t\t<\/div>\n\t\t\t\t<\/div>\n\t\t\t\t<\/div>","protected":false},"excerpt":{"rendered":"<p>Andr\u00e9 Clerc Kontakt Sprachen Deutsch, Franz\u00f6sisch, Englisch &nbsp; Ausbildung Anwaltspatent (1990) Weitere T\u00e4tigkeiten ehem. Pr\u00e4sident des Freiburgischen Anwaltsverbandes Mitglied Fachkommission Fachanwalt Strafrecht Deutsch Pr\u00e4sident Fachkommission Fachanwalt Strafrecht Franz\u00f6sisch Mitglied Rekurskommission Fachanwalt SAV Mitglied der Kantonalen Anwaltskommission Pr\u00e4sident der Kantonalen Kommission f\u00fcr Fragen der Anstaltsseelsorge Gastredner bei diversen Anl\u00e4ssen Praktikumsleiter f\u00fcr Anwaltspraktikant\/innen Vorstandsmitglied der \u00ab Association [&hellip;]<\/p>","protected":false},"author":1,"featured_media":0,"parent":0,"menu_order":0,"comment_status":"closed","ping_status":"closed","template":"","meta":{"footnotes":""},"_links":{"self":[{"href":"https:\/\/aa4.ch\/en\/wp-json\/wp\/v2\/pages\/151"}],"collection":[{"href":"https:\/\/aa4.ch\/en\/wp-json\/wp\/v2\/pages"}],"about":[{"href":"https:\/\/aa4.ch\/en\/wp-json\/wp\/v2\/types\/page"}],"author":[{"embeddable":true,"href":"https:\/\/aa4.ch\/en\/wp-json\/wp\/v2\/users\/1"}],"replies":[{"embeddable":true,"href":"https:\/\/aa4.ch\/en\/wp-json\/wp\/v2\/comments?post=151"}],"version-history":[{"count":15,"href":"https:\/\/aa4.ch\/en\/wp-json\/wp\/v2\/pages\/151\/revisions"}],"predecessor-version":[{"id":209,"href":"https:\/\/aa4.ch\/en\/wp-json\/wp\/v2\/pages\/151\/revisions\/209"}],"wp:attachment":[{"href":"https:\/\/aa4.ch\/en\/wp-json\/wp\/v2\/media?parent=151"}],"curies":[{"name":"wp","href":"https:\/\/api.w.org\/{rel}","templated":true}]}}