{"id":171,"date":"2023-06-28T12:55:28","date_gmt":"2023-06-28T12:55:28","guid":{"rendered":"https:\/\/aa4.ch\/?page_id=171"},"modified":"2023-07-20T14:00:55","modified_gmt":"2023-07-20T14:00:55","slug":"nicole-schmutz-larequi","status":"publish","type":"page","link":"https:\/\/aa4.ch\/fr\/nicole-schmutz-larequi\/","title":{"rendered":"Nicole Schmutz Larequi"},"content":{"rendered":"<div data-elementor-type=\"wp-page\" data-elementor-id=\"171\" class=\"elementor elementor-171\" data-elementor-post-type=\"page\">\n\t\t\t\t<div class=\"elementor-element elementor-element-6075c5c e-flex e-con-boxed e-con e-parent\" data-id=\"6075c5c\" data-element_type=\"container\">\n\t\t\t\t\t<div class=\"e-con-inner\">\n\t\t\t\t<div class=\"elementor-element elementor-element-907ddda elementor-widget elementor-widget-spacer\" data-id=\"907ddda\" data-element_type=\"widget\" data-widget_type=\"spacer.default\">\n\t\t\t\t<div class=\"elementor-widget-container\">\n\t\t\t<style>\/*! elementor - v3.21.0 - 26-05-2024 *\/\n.elementor-column .elementor-spacer-inner{height:var(--spacer-size)}.e-con{--container-widget-width:100%}.e-con-inner>.elementor-widget-spacer,.e-con>.elementor-widget-spacer{width:var(--container-widget-width,var(--spacer-size));--align-self:var(--container-widget-align-self,initial);--flex-shrink:0}.e-con-inner>.elementor-widget-spacer>.elementor-widget-container,.e-con>.elementor-widget-spacer>.elementor-widget-container{height:100%;width:100%}.e-con-inner>.elementor-widget-spacer>.elementor-widget-container>.elementor-spacer,.e-con>.elementor-widget-spacer>.elementor-widget-container>.elementor-spacer{height:100%}.e-con-inner>.elementor-widget-spacer>.elementor-widget-container>.elementor-spacer>.elementor-spacer-inner,.e-con>.elementor-widget-spacer>.elementor-widget-container>.elementor-spacer>.elementor-spacer-inner{height:var(--container-widget-height,var(--spacer-size))}.e-con-inner>.elementor-widget-spacer.elementor-widget-empty,.e-con>.elementor-widget-spacer.elementor-widget-empty{position:relative;min-height:22px;min-width:22px}.e-con-inner>.elementor-widget-spacer.elementor-widget-empty .elementor-widget-empty-icon,.e-con>.elementor-widget-spacer.elementor-widget-empty .elementor-widget-empty-icon{position:absolute;top:0;bottom:0;left:0;right:0;margin:auto;padding:0;width:22px;height:22px}<\/style>\t\t<div class=\"elementor-spacer\">\n\t\t\t<div class=\"elementor-spacer-inner\"><\/div>\n\t\t<\/div>\n\t\t\t\t<\/div>\n\t\t\t\t<\/div>\n\t\t\t\t<div class=\"elementor-element elementor-element-5a5ecc2 elementor-widget elementor-widget-heading\" data-id=\"5a5ecc2\" data-element_type=\"widget\" data-widget_type=\"heading.default\">\n\t\t\t\t<div class=\"elementor-widget-container\">\n\t\t\t<style>\/*! elementor - v3.21.0 - 26-05-2024 *\/\n.elementor-heading-title{padding:0;margin:0;line-height:1}.elementor-widget-heading .elementor-heading-title[class*=elementor-size-]>a{color:inherit;font-size:inherit;line-height:inherit}.elementor-widget-heading .elementor-heading-title.elementor-size-small{font-size:15px}.elementor-widget-heading .elementor-heading-title.elementor-size-medium{font-size:19px}.elementor-widget-heading .elementor-heading-title.elementor-size-large{font-size:29px}.elementor-widget-heading .elementor-heading-title.elementor-size-xl{font-size:39px}.elementor-widget-heading .elementor-heading-title.elementor-size-xxl{font-size:59px}<\/style><h1 class=\"elementor-heading-title elementor-size-default\">Nicole Schmutz Larequi<\/h1>\t\t<\/div>\n\t\t\t\t<\/div>\n\t\t\t\t<div class=\"elementor-element elementor-element-89b52b0 elementor-widget elementor-widget-button\" data-id=\"89b52b0\" data-element_type=\"widget\" data-widget_type=\"button.default\">\n\t\t\t\t<div class=\"elementor-widget-container\">\n\t\t\t\t\t<div class=\"elementor-button-wrapper\">\n\t\t\t<a class=\"elementor-button elementor-button-link elementor-size-sm\" href=\"mailto:nsl@aa4.ch\">\n\t\t\t\t\t\t<span class=\"elementor-button-content-wrapper\">\n\t\t\t\t\t\t<span class=\"elementor-button-icon elementor-align-icon-left\">\n\t\t\t\t<i aria-hidden=\"true\" class=\"far fa-envelope\"><\/i>\t\t\t<\/span>\n\t\t\t\t\t\t\t\t\t<span class=\"elementor-button-text\">Contact<\/span>\n\t\t\t\t\t<\/span>\n\t\t\t\t\t<\/a>\n\t\t<\/div>\n\t\t\t\t<\/div>\n\t\t\t\t<\/div>\n\t\t\t\t\t<\/div>\n\t\t\t\t<\/div>\n\t\t<div class=\"elementor-element elementor-element-693fa9d e-flex e-con-boxed e-con e-parent\" data-id=\"693fa9d\" data-element_type=\"container\">\n\t\t\t\t\t<div class=\"e-con-inner\">\n\t\t\t\t<div class=\"elementor-element elementor-element-dfb074b elementor-widget elementor-widget-image\" data-id=\"dfb074b\" data-element_type=\"widget\" data-widget_type=\"image.default\">\n\t\t\t\t<div class=\"elementor-widget-container\">\n\t\t\t<style>\/*! elementor - v3.21.0 - 26-05-2024 *\/\n.elementor-widget-image{text-align:center}.elementor-widget-image a{display:inline-block}.elementor-widget-image a img[src$=\".svg\"]{width:48px}.elementor-widget-image img{vertical-align:middle;display:inline-block}<\/style>\t\t\t\t\t\t\t\t\t\t<img fetchpriority=\"high\" decoding=\"async\" width=\"415\" height=\"623\" src=\"https:\/\/aa4.ch\/wp-content\/uploads\/2023\/06\/Nicole-Schmutz-Larequi_small.jpg\" class=\"attachment-large size-large wp-image-21\" alt=\"\" srcset=\"https:\/\/aa4.ch\/wp-content\/uploads\/2023\/06\/Nicole-Schmutz-Larequi_small.jpg 415w, https:\/\/aa4.ch\/wp-content\/uploads\/2023\/06\/Nicole-Schmutz-Larequi_small-200x300.jpg 200w\" sizes=\"(max-width: 415px) 100vw, 415px\" \/>\t\t\t\t\t\t\t\t\t\t\t\t\t<\/div>\n\t\t\t\t<\/div>\n\t\t\t\t<div class=\"elementor-element elementor-element-7f7819e elementor-widget__width-initial elementor-widget elementor-widget-text-editor\" data-id=\"7f7819e\" data-element_type=\"widget\" data-widget_type=\"text-editor.default\">\n\t\t\t\t<div class=\"elementor-widget-container\">\n\t\t\t<style>\/*! elementor - v3.21.0 - 26-05-2024 *\/\n.elementor-widget-text-editor.elementor-drop-cap-view-stacked .elementor-drop-cap{background-color:#69727d;color:#fff}.elementor-widget-text-editor.elementor-drop-cap-view-framed .elementor-drop-cap{color:#69727d;border:3px solid;background-color:transparent}.elementor-widget-text-editor:not(.elementor-drop-cap-view-default) .elementor-drop-cap{margin-top:8px}.elementor-widget-text-editor:not(.elementor-drop-cap-view-default) .elementor-drop-cap-letter{width:1em;height:1em}.elementor-widget-text-editor .elementor-drop-cap{float:left;text-align:center;line-height:1;font-size:50px}.elementor-widget-text-editor .elementor-drop-cap-letter{display:inline-block}<\/style>\t\t\t\t<h5>Langues<\/h5><ul><li>\u00a0Allemand, fran\u00e7ais, anglais<\/li><\/ul><p>\u00a0<\/p><h5>Formation<\/h5><ul><li>Licence en droit aupr\u00e8s de l\u2019Universit\u00e9 de Fribourg<\/li><li>Post-grade de magistrat en droit p\u00e9nal (2004)<\/li><li>Brevet d\u2019avocat obtenu dans le canton de Fribourg (2012)<\/li><li>CAS+ en m\u00e9diation aupr\u00e8s de l\u2019Universit\u00e9 de Fribourg<\/li><li>M\u00e9diatrice FSA<\/li><\/ul><p>\u00a0<\/p><h5>Parcours professionnel<\/h5><ul><li>Juriste aupr\u00e8s du Service cantonal des contributions du canton de Fribourg (1992-1999)<\/li><li>Juge d\u2019instruction de langue allemande pour les affaires LAVI aupr\u00e8s de l\u2019Office des juges d\u2019instruction du canton de Fribourg (2000-2002)<\/li><li>Juge p\u00e9nal des mineurs aupr\u00e8s du Tribunal des mineurs du canton de Fribourg (2000-2009)<\/li><li>Stages d\u2019avocat aupr\u00e8s de l\u2019\u00e9tude de Me Andr\u00e9 Clerc et des Cours administratives du Tribunal cantonal du canton de Fribourg (2009-2011)<\/li><li>Avocate associ\u00e9e aupr\u00e8s de l\u2019\u00e9tude Avocats Anw\u00e4lte \u00e0 Fribourg (d\u00e8s 2012)<\/li><\/ul><p>\u00a0<\/p><h5>Activit\u00e9s accessoires<\/h5><ul><li>Juriste-conseil aupr\u00e8s de l\u2019association Espace Femmes Fribourg (1999-2003)<\/li><li>Membre de la commission cantonale LEg, en qualit\u00e9 de repr\u00e9sentante des associations f\u00e9minines du canton de Fribourg<\/li><li>Avocate-conseil nomm\u00e9e par l\u2019\u00c9tat de Fribourg dans le cadre de l\u2019ordonnance cantonale sur le harc\u00e8lement sur la place de travail (OHarc)<\/li><li>Membre de la Commission d\u2019examens du barreau fribourgeois<\/li><\/ul><p>\u00a0<\/p><h5>Domaines d\u2019activit\u00e9s<\/h5><ul><li>M\u00e9diation<\/li><li>Droit p\u00e9nal (d\u00e9fense des pr\u00e9venus et des victimes)<\/li><li>Droit du travail et du bail<\/li><li>Droit de la famille et droit de la protection des mineurs et des adultes<\/li><li>Droit fiscal (fiscalit\u00e9 directe et indirecte des personnes physiques et des personnes morales)<\/li><li>Droit m\u00e9dical (aspects aussi bien civils que p\u00e9naux et administratifs)<\/li><\/ul><p>\u00a0<\/p><h5>Affiliations<\/h5><ul><li><a href=\"http:\/\/www.oaf.ch\/\" rel=\"nofollow noopener\" target=\"_blank\">Ordre des avocats fribourgeois OAF<\/a><\/li><li><a href=\"http:\/\/www.sav-fsa.ch\/\" rel=\"nofollow noopener\" target=\"_blank\">F\u00e9d\u00e9ration Suisse des Avocats FSA<\/a><\/li><\/ul>\t\t\t\t\t\t<\/div>\n\t\t\t\t<\/div>\n\t\t\t\t\t<\/div>\n\t\t\t\t<\/div>\n\t\t<div class=\"elementor-element elementor-element-dff4b09 e-flex e-con-boxed e-con e-parent\" data-id=\"dff4b09\" data-element_type=\"container\">\n\t\t\t\t\t<div class=\"e-con-inner\">\n\t\t\t\t<div class=\"elementor-element elementor-element-f7f1bb6 elementor-widget elementor-widget-spacer\" data-id=\"f7f1bb6\" data-element_type=\"widget\" data-widget_type=\"spacer.default\">\n\t\t\t\t<div class=\"elementor-widget-container\">\n\t\t\t\t\t<div class=\"elementor-spacer\">\n\t\t\t<div class=\"elementor-spacer-inner\"><\/div>\n\t\t<\/div>\n\t\t\t\t<\/div>\n\t\t\t\t<\/div>\n\t\t\t\t\t<\/div>\n\t\t\t\t<\/div>\n\t\t\t\t<\/div>","protected":false},"excerpt":{"rendered":"<p>Nicole Schmutz Larequi Kontakt Sprachen \u00a0Deutsch, Franz\u00f6sisch, Englisch \u00a0 Ausbildung Universit\u00e4t Freiburg i.Ue., lic. iur. Postgraduierte Ausbildung Strafrecht f\u00fcr Magistratspersonen (2004) Anwaltspatent (2012) CAS+ in Mediation an der Universit\u00e4t Freiburg i.Ue. Mediatorin FSA \u00a0 Beruflicher Werdegang Juristin bei der Steuerverwaltung des Kantons Freiburg (1992-1999) Untersuchungsrichterin f\u00fcr Opferhilfe beim Untersuchungsrichteramt des Kantons Freiburg (2000-2002) Jugendstrafrichterin am [&hellip;]<\/p>","protected":false},"author":1,"featured_media":0,"parent":0,"menu_order":0,"comment_status":"closed","ping_status":"closed","template":"","meta":{"footnotes":""},"_links":{"self":[{"href":"https:\/\/aa4.ch\/fr\/wp-json\/wp\/v2\/pages\/171"}],"collection":[{"href":"https:\/\/aa4.ch\/fr\/wp-json\/wp\/v2\/pages"}],"about":[{"href":"https:\/\/aa4.ch\/fr\/wp-json\/wp\/v2\/types\/page"}],"author":[{"embeddable":true,"href":"https:\/\/aa4.ch\/fr\/wp-json\/wp\/v2\/users\/1"}],"replies":[{"embeddable":true,"href":"https:\/\/aa4.ch\/fr\/wp-json\/wp\/v2\/comments?post=171"}],"version-history":[{"count":13,"href":"https:\/\/aa4.ch\/fr\/wp-json\/wp\/v2\/pages\/171\/revisions"}],"predecessor-version":[{"id":306,"href":"https:\/\/aa4.ch\/fr\/wp-json\/wp\/v2\/pages\/171\/revisions\/306"}],"wp:attachment":[{"href":"https:\/\/aa4.ch\/fr\/wp-json\/wp\/v2\/media?parent=171"}],"curies":[{"name":"wp","href":"https:\/\/api.w.org\/{rel}","templated":true}]}}